{"id":616,"date":"2017-05-22T10:56:20","date_gmt":"2017-05-22T10:56:20","guid":{"rendered":"http:\/\/antipestipreprod.zento.fr\/?page_id=616\/"},"modified":"2024-01-08T13:57:50","modified_gmt":"2024-01-08T13:57:50","slug":"conseil-dadministration","status":"publish","type":"page","link":"https:\/\/justicepesticides.org\/en\/who-we-are\/conseil-dadministration\/","title":{"rendered":"Executive board \/ Team"},"content":{"rendered":"<p>Arnaud Apoteker,<\/p>\n<p>Ana\u00efs Berthier,<\/p>\n<p>Peter\u202fClausing,<\/p>\n<p>S\u00e9bastien Couasnet,<\/p>\n<p>Paul Fran\u00e7ois,<\/p>\n<p>\u00c9ric Gall,<\/p>\n<p>Carey Gillam,<\/p>\n<p>Ren\u00e9 Lehnherr,<\/p>\n<p>Corinne Lepage,<\/p>\n<p>Juan Ignacio Pereyra,<\/p>\n<p>Sarojeni\u202fRengam,<\/p>\n<p>Mich\u00e8le Rivasi,<\/p>\n<p>Marie-Monique Robin,<\/p>\n<p>Ren\u00e9 Segbenou,<\/p>\n<p>Jo\u00ebl Spiroux,<\/p>\n<p>Louise Vandelac,<\/p>\n<p>Fran\u00e7ois Veillerette.<\/p>\n","protected":false},"excerpt":{"rendered":"<p>Arnaud Apoteker, Ana\u00efs Berthier, Peter\u202fClausing, S\u00e9bastien Couasnet, Paul Fran\u00e7ois, \u00c9ric Gall, Carey Gillam, Ren\u00e9 Lehnherr, Corinne Lepage, Juan Ignacio Pereyra, Sarojeni\u202fRengam, Mich\u00e8le Rivasi, Marie-Monique Robin, Ren\u00e9 Segbenou, Jo\u00ebl Spiroux, Louise Vandelac, Fran\u00e7ois Veillerette.&hellip; <a class=\"read-more\" href=\"https:\/\/justicepesticides.org\/en\/who-we-are\/conseil-dadministration\/\">Read More<\/a><\/p>\n","protected":false},"author":1,"featured_media":0,"parent":612,"menu_order":0,"comment_status":"closed","ping_status":"closed","template":"page-executive-board.php","meta":{"_bbp_topic_count":0,"_bbp_reply_count":0,"_bbp_total_topic_count":0,"_bbp_total_reply_count":0,"_bbp_voice_count":0,"_bbp_anonymous_reply_count":0,"_bbp_topic_count_hidden":0,"_bbp_reply_count_hidden":0,"_bbp_forum_subforum_count":0},"_links":{"self":[{"href":"https:\/\/justicepesticides.org\/en\/wp-json\/wp\/v2\/pages\/616\/"}],"collection":[{"href":"https:\/\/justicepesticides.org\/en\/wp-json\/wp\/v2\/pages\/"}],"about":[{"href":"https:\/\/justicepesticides.org\/en\/wp-json\/wp\/v2\/types\/page\/"}],"author":[{"embeddable":true,"href":"https:\/\/justicepesticides.org\/en\/wp-json\/wp\/v2\/users\/1\/"}],"replies":[{"embeddable":true,"href":"https:\/\/justicepesticides.org\/en\/wp-json\/wp\/v2\/comments\/?post=616"}],"version-history":[{"count":35,"href":"https:\/\/justicepesticides.org\/en\/wp-json\/wp\/v2\/pages\/616\/revisions\/"}],"predecessor-version":[{"id":10421,"href":"https:\/\/justicepesticides.org\/en\/wp-json\/wp\/v2\/pages\/616\/revisions\/10421\/"}],"up":[{"embeddable":true,"href":"https:\/\/justicepesticides.org\/en\/wp-json\/wp\/v2\/pages\/612\/"}],"wp:attachment":[{"href":"https:\/\/justicepesticides.org\/en\/wp-json\/wp\/v2\/media\/?parent=616"}],"curies":[{"name":"wp","href":"https:\/\/api.w.org\/{rel}","templated":true}]}}